{"id":3289,"date":"2017-12-05T13:20:59","date_gmt":"2017-12-05T12:20:59","guid":{"rendered":"https:\/\/umeafolketshus.se\/about-us\/"},"modified":"2019-01-14T14:53:12","modified_gmt":"2019-01-14T13:53:12","slug":"about-us","status":"publish","type":"page","link":"https:\/\/umeafolketshus.se\/en\/about-us\/","title":{"rendered":"About us"},"content":{"rendered":"<p>[et_pb_section bb_built=&#8221;1&#8243;][et_pb_row][\/et_pb_row][\/et_pb_section]<\/p>\n","protected":false},"excerpt":{"rendered":"<div class=\"et_pb_row et_pb_row_0 et_pb_row_empty\">\n\t\t\t\t\n\t\t\t\t\n\t\t\t\t\n\t\t\t\t\n\t\t\t\t\n\t\t\t<\/div>\n","protected":false},"author":2,"featured_media":0,"parent":0,"menu_order":0,"comment_status":"closed","ping_status":"closed","template":"","meta":{"_et_pb_use_builder":"on","_et_pb_old_content":"","_et_gb_content_width":"","_monsterinsights_skip_tracking":false,"_monsterinsights_sitenote_active":false,"_monsterinsights_sitenote_note":"","_monsterinsights_sitenote_category":0,"footnotes":""},"class_list":["post-3289","page","type-page","status-publish","hentry"],"yoast_head":"<!-- This site is optimized with the Yoast SEO plugin v26.2 - https:\/\/yoast.com\/wordpress\/plugins\/seo\/ -->\n<title>About us - Ume\u00e5 Folkets Hus<\/title>\n<meta name=\"robots\" content=\"index, follow, max-snippet:-1, max-image-preview:large, max-video-preview:-1\" \/>\n<link rel=\"canonical\" href=\"https:\/\/umeafolketshus.se\/about-us\/\" \/>\n<meta property=\"og:locale\" content=\"en_US\" \/>\n<meta property=\"og:type\" content=\"article\" \/>\n<meta property=\"og:title\" content=\"About us - Ume\u00e5 Folkets Hus\" \/>\n<meta property=\"og:url\" content=\"https:\/\/umeafolketshus.se\/about-us\/\" \/>\n<meta property=\"og:site_name\" content=\"Ume\u00e5 Folkets Hus\" \/>\n<meta property=\"article:modified_time\" content=\"2019-01-14T13:53:12+00:00\" \/>\n<meta name=\"twitter:card\" content=\"summary_large_image\" \/>\n<meta name=\"twitter:description\" content=\"[et_pb_row]\" \/>\n<script type=\"application\/ld+json\" class=\"yoast-schema-graph\">{\"@context\":\"https:\/\/schema.org\",\"@graph\":[{\"@type\":\"WebPage\",\"@id\":\"https:\/\/umeafolketshus.se\/about-us\/\",\"url\":\"https:\/\/umeafolketshus.se\/about-us\/\",\"name\":\"About us - Ume\u00e5 Folkets Hus\",\"isPartOf\":{\"@id\":\"https:\/\/umeafolketshus.se\/#website\"},\"datePublished\":\"2017-12-05T12:20:59+00:00\",\"dateModified\":\"2019-01-14T13:53:12+00:00\",\"breadcrumb\":{\"@id\":\"https:\/\/umeafolketshus.se\/about-us\/#breadcrumb\"},\"inLanguage\":\"en-US\",\"potentialAction\":[{\"@type\":\"ReadAction\",\"target\":[\"https:\/\/umeafolketshus.se\/about-us\/\"]}]},{\"@type\":\"BreadcrumbList\",\"@id\":\"https:\/\/umeafolketshus.se\/about-us\/#breadcrumb\",\"itemListElement\":[{\"@type\":\"ListItem\",\"position\":1,\"name\":\"Hem\",\"item\":\"https:\/\/umeafolketshus.se\/\"},{\"@type\":\"ListItem\",\"position\":2,\"name\":\"About us\"}]},{\"@type\":\"WebSite\",\"@id\":\"https:\/\/umeafolketshus.se\/#website\",\"url\":\"https:\/\/umeafolketshus.se\/\",\"name\":\"Ume\u00e5 Folkets Hus\",\"description\":\"Stora eller sm\u00e5. Dina konferenser f\u00e5r plats hos oss.\",\"potentialAction\":[{\"@type\":\"SearchAction\",\"target\":{\"@type\":\"EntryPoint\",\"urlTemplate\":\"https:\/\/umeafolketshus.se\/?s={search_term_string}\"},\"query-input\":{\"@type\":\"PropertyValueSpecification\",\"valueRequired\":true,\"valueName\":\"search_term_string\"}}],\"inLanguage\":\"en-US\"}]}<\/script>\n<!-- \/ Yoast SEO plugin. -->","yoast_head_json":{"title":"About us - Ume\u00e5 Folkets Hus","robots":{"index":"index","follow":"follow","max-snippet":"max-snippet:-1","max-image-preview":"max-image-preview:large","max-video-preview":"max-video-preview:-1"},"canonical":"https:\/\/umeafolketshus.se\/about-us\/","og_locale":"en_US","og_type":"article","og_title":"About us - Ume\u00e5 Folkets Hus","og_url":"https:\/\/umeafolketshus.se\/about-us\/","og_site_name":"Ume\u00e5 Folkets Hus","article_modified_time":"2019-01-14T13:53:12+00:00","twitter_card":"summary_large_image","twitter_description":"[et_pb_row]","schema":{"@context":"https:\/\/schema.org","@graph":[{"@type":"WebPage","@id":"https:\/\/umeafolketshus.se\/about-us\/","url":"https:\/\/umeafolketshus.se\/about-us\/","name":"About us - Ume\u00e5 Folkets Hus","isPartOf":{"@id":"https:\/\/umeafolketshus.se\/#website"},"datePublished":"2017-12-05T12:20:59+00:00","dateModified":"2019-01-14T13:53:12+00:00","breadcrumb":{"@id":"https:\/\/umeafolketshus.se\/about-us\/#breadcrumb"},"inLanguage":"en-US","potentialAction":[{"@type":"ReadAction","target":["https:\/\/umeafolketshus.se\/about-us\/"]}]},{"@type":"BreadcrumbList","@id":"https:\/\/umeafolketshus.se\/about-us\/#breadcrumb","itemListElement":[{"@type":"ListItem","position":1,"name":"Hem","item":"https:\/\/umeafolketshus.se\/"},{"@type":"ListItem","position":2,"name":"About us"}]},{"@type":"WebSite","@id":"https:\/\/umeafolketshus.se\/#website","url":"https:\/\/umeafolketshus.se\/","name":"Ume\u00e5 Folkets Hus","description":"Stora eller sm\u00e5. Dina konferenser f\u00e5r plats hos oss.","potentialAction":[{"@type":"SearchAction","target":{"@type":"EntryPoint","urlTemplate":"https:\/\/umeafolketshus.se\/?s={search_term_string}"},"query-input":{"@type":"PropertyValueSpecification","valueRequired":true,"valueName":"search_term_string"}}],"inLanguage":"en-US"}]}},"_links":{"self":[{"href":"https:\/\/umeafolketshus.se\/en\/wp-json\/wp\/v2\/pages\/3289","targetHints":{"allow":["GET"]}}],"collection":[{"href":"https:\/\/umeafolketshus.se\/en\/wp-json\/wp\/v2\/pages"}],"about":[{"href":"https:\/\/umeafolketshus.se\/en\/wp-json\/wp\/v2\/types\/page"}],"author":[{"embeddable":true,"href":"https:\/\/umeafolketshus.se\/en\/wp-json\/wp\/v2\/users\/2"}],"replies":[{"embeddable":true,"href":"https:\/\/umeafolketshus.se\/en\/wp-json\/wp\/v2\/comments?post=3289"}],"version-history":[{"count":1,"href":"https:\/\/umeafolketshus.se\/en\/wp-json\/wp\/v2\/pages\/3289\/revisions"}],"predecessor-version":[{"id":3290,"href":"https:\/\/umeafolketshus.se\/en\/wp-json\/wp\/v2\/pages\/3289\/revisions\/3290"}],"wp:attachment":[{"href":"https:\/\/umeafolketshus.se\/en\/wp-json\/wp\/v2\/media?parent=3289"}],"curies":[{"name":"wp","href":"https:\/\/api.w.org\/{rel}","templated":true}]}}