{"id":3281,"date":"2017-12-05T13:28:35","date_gmt":"2017-12-05T12:28:35","guid":{"rendered":"https:\/\/umeafolketshus.se\/distinctions\/"},"modified":"2019-01-14T14:32:40","modified_gmt":"2019-01-14T13:32:40","slug":"distinctions","status":"publish","type":"page","link":"https:\/\/umeafolketshus.se\/en\/about-us\/distinctions\/","title":{"rendered":"Distinctions"},"content":{"rendered":"<p>[et_pb_section bb_built=&#8221;1&#8243; _builder_version=&#8221;3.0.47&#8243;][et_pb_row _builder_version=&#8221;3.0.47&#8243; background_size=&#8221;initial&#8221; background_position=&#8221;top_left&#8221; background_repeat=&#8221;repeat&#8221; custom_padding=&#8221;90px|0px|15px|0px&#8221;][et_pb_column type=&#8221;4_4&#8243;][et_pb_text _builder_version=&#8221;3.0.92&#8243; header_text_align=&#8221;center&#8221; text_orientation=&#8221;center&#8221; max_width=&#8221;70%&#8221; module_alignment=&#8221;center&#8221; background_layout=&#8221;light&#8221;]<\/p>\n<h3 style=\"text-align: center;\">Distinctions<\/h3>\n<p style=\"text-align: center;\">As a part of our environmental efforts, our restaurants are Nordic Swan Ecolabelled since 2008. Today, our entire facility has earned the Nordic Swan Ecolabel certification. As one of five facilities in the country we are proud to offer a more environmentally friendly alternative for those who book their conferences or dinners with us.<\/p>\n<p>[\/et_pb_text][et_pb_image src=&#8221;https:\/\/umeafolketshus.se\/wp-content\/uploads\/svanen-logo.png&#8221; align=&#8221;center&#8221; _builder_version=&#8221;3.0.92&#8243; max_width=&#8221;20%&#8221; module_alignment=&#8221;center&#8221; show_in_lightbox=&#8221;off&#8221; url_new_window=&#8221;off&#8221; use_overlay=&#8221;off&#8221; always_center_on_mobile=&#8221;on&#8221; force_fullwidth=&#8221;off&#8221; show_bottom_space=&#8221;on&#8221; custom_margin=&#8221;50px|||&#8221;]<br \/>\n[\/et_pb_image][\/et_pb_column][\/et_pb_row][\/et_pb_section]<\/p>\n","protected":false},"excerpt":{"rendered":"<p>Distinctions As a part of our environmental efforts, our restaurants are Nordic Swan Ecolabelled since 2008. Today, our entire facility has earned the Nordic Swan Ecolabel certification. As one of five facilities in the country we are proud to offer a more environmentally friendly alternative for those who book their conferences or dinners with us.<\/p>\n","protected":false},"author":2,"featured_media":0,"parent":3289,"menu_order":0,"comment_status":"closed","ping_status":"closed","template":"","meta":{"_et_pb_use_builder":"on","_et_pb_old_content":"","_et_gb_content_width":"","_monsterinsights_skip_tracking":false,"_monsterinsights_sitenote_active":false,"_monsterinsights_sitenote_note":"","_monsterinsights_sitenote_category":0,"footnotes":""},"class_list":["post-3281","page","type-page","status-publish","hentry"],"yoast_head":"<!-- This site is optimized with the Yoast SEO plugin v26.2 - https:\/\/yoast.com\/wordpress\/plugins\/seo\/ -->\n<title>Distinctions - Ume\u00e5 Folkets Hus<\/title>\n<meta name=\"robots\" content=\"index, follow, max-snippet:-1, max-image-preview:large, max-video-preview:-1\" \/>\n<link rel=\"canonical\" href=\"https:\/\/umeafolketshus.se\/about-us\/distinctions\/\" \/>\n<meta property=\"og:locale\" content=\"en_US\" \/>\n<meta property=\"og:type\" content=\"article\" \/>\n<meta property=\"og:title\" content=\"Distinctions - Ume\u00e5 Folkets Hus\" \/>\n<meta property=\"og:description\" content=\"Distinctions As a part of our environmental efforts, our restaurants are Nordic Swan Ecolabelled since 2008. Today, our entire facility has earned the Nordic Swan Ecolabel certification. As one of five facilities in the country we are proud to offer a more environmentally friendly alternative for those who book their conferences or dinners with us.\" \/>\n<meta property=\"og:url\" content=\"https:\/\/umeafolketshus.se\/about-us\/distinctions\/\" \/>\n<meta property=\"og:site_name\" content=\"Ume\u00e5 Folkets Hus\" \/>\n<meta property=\"article:modified_time\" content=\"2019-01-14T13:32:40+00:00\" \/>\n<meta name=\"twitter:card\" content=\"summary_large_image\" \/>\n<meta name=\"twitter:label1\" content=\"Est. reading time\" \/>\n\t<meta name=\"twitter:data1\" content=\"1 minute\" \/>\n<script type=\"application\/ld+json\" class=\"yoast-schema-graph\">{\"@context\":\"https:\/\/schema.org\",\"@graph\":[{\"@type\":\"WebPage\",\"@id\":\"https:\/\/umeafolketshus.se\/about-us\/distinctions\/\",\"url\":\"https:\/\/umeafolketshus.se\/about-us\/distinctions\/\",\"name\":\"Distinctions - Ume\u00e5 Folkets Hus\",\"isPartOf\":{\"@id\":\"https:\/\/umeafolketshus.se\/#website\"},\"datePublished\":\"2017-12-05T12:28:35+00:00\",\"dateModified\":\"2019-01-14T13:32:40+00:00\",\"breadcrumb\":{\"@id\":\"https:\/\/umeafolketshus.se\/about-us\/distinctions\/#breadcrumb\"},\"inLanguage\":\"en-US\",\"potentialAction\":[{\"@type\":\"ReadAction\",\"target\":[\"https:\/\/umeafolketshus.se\/about-us\/distinctions\/\"]}]},{\"@type\":\"BreadcrumbList\",\"@id\":\"https:\/\/umeafolketshus.se\/about-us\/distinctions\/#breadcrumb\",\"itemListElement\":[{\"@type\":\"ListItem\",\"position\":1,\"name\":\"Hem\",\"item\":\"https:\/\/umeafolketshus.se\/\"},{\"@type\":\"ListItem\",\"position\":2,\"name\":\"About us\",\"item\":\"https:\/\/umeafolketshus.se\/about-us\/\"},{\"@type\":\"ListItem\",\"position\":3,\"name\":\"Distinctions\"}]},{\"@type\":\"WebSite\",\"@id\":\"https:\/\/umeafolketshus.se\/#website\",\"url\":\"https:\/\/umeafolketshus.se\/\",\"name\":\"Ume\u00e5 Folkets Hus\",\"description\":\"Stora eller sm\u00e5. Dina konferenser f\u00e5r plats hos oss.\",\"potentialAction\":[{\"@type\":\"SearchAction\",\"target\":{\"@type\":\"EntryPoint\",\"urlTemplate\":\"https:\/\/umeafolketshus.se\/?s={search_term_string}\"},\"query-input\":{\"@type\":\"PropertyValueSpecification\",\"valueRequired\":true,\"valueName\":\"search_term_string\"}}],\"inLanguage\":\"en-US\"}]}<\/script>\n<!-- \/ Yoast SEO plugin. -->","yoast_head_json":{"title":"Distinctions - Ume\u00e5 Folkets Hus","robots":{"index":"index","follow":"follow","max-snippet":"max-snippet:-1","max-image-preview":"max-image-preview:large","max-video-preview":"max-video-preview:-1"},"canonical":"https:\/\/umeafolketshus.se\/about-us\/distinctions\/","og_locale":"en_US","og_type":"article","og_title":"Distinctions - Ume\u00e5 Folkets Hus","og_description":"Distinctions As a part of our environmental efforts, our restaurants are Nordic Swan Ecolabelled since 2008. Today, our entire facility has earned the Nordic Swan Ecolabel certification. As one of five facilities in the country we are proud to offer a more environmentally friendly alternative for those who book their conferences or dinners with us.","og_url":"https:\/\/umeafolketshus.se\/about-us\/distinctions\/","og_site_name":"Ume\u00e5 Folkets Hus","article_modified_time":"2019-01-14T13:32:40+00:00","twitter_card":"summary_large_image","twitter_misc":{"Est. reading time":"1 minute"},"schema":{"@context":"https:\/\/schema.org","@graph":[{"@type":"WebPage","@id":"https:\/\/umeafolketshus.se\/about-us\/distinctions\/","url":"https:\/\/umeafolketshus.se\/about-us\/distinctions\/","name":"Distinctions - Ume\u00e5 Folkets Hus","isPartOf":{"@id":"https:\/\/umeafolketshus.se\/#website"},"datePublished":"2017-12-05T12:28:35+00:00","dateModified":"2019-01-14T13:32:40+00:00","breadcrumb":{"@id":"https:\/\/umeafolketshus.se\/about-us\/distinctions\/#breadcrumb"},"inLanguage":"en-US","potentialAction":[{"@type":"ReadAction","target":["https:\/\/umeafolketshus.se\/about-us\/distinctions\/"]}]},{"@type":"BreadcrumbList","@id":"https:\/\/umeafolketshus.se\/about-us\/distinctions\/#breadcrumb","itemListElement":[{"@type":"ListItem","position":1,"name":"Hem","item":"https:\/\/umeafolketshus.se\/"},{"@type":"ListItem","position":2,"name":"About us","item":"https:\/\/umeafolketshus.se\/about-us\/"},{"@type":"ListItem","position":3,"name":"Distinctions"}]},{"@type":"WebSite","@id":"https:\/\/umeafolketshus.se\/#website","url":"https:\/\/umeafolketshus.se\/","name":"Ume\u00e5 Folkets Hus","description":"Stora eller sm\u00e5. Dina konferenser f\u00e5r plats hos oss.","potentialAction":[{"@type":"SearchAction","target":{"@type":"EntryPoint","urlTemplate":"https:\/\/umeafolketshus.se\/?s={search_term_string}"},"query-input":{"@type":"PropertyValueSpecification","valueRequired":true,"valueName":"search_term_string"}}],"inLanguage":"en-US"}]}},"_links":{"self":[{"href":"https:\/\/umeafolketshus.se\/en\/wp-json\/wp\/v2\/pages\/3281","targetHints":{"allow":["GET"]}}],"collection":[{"href":"https:\/\/umeafolketshus.se\/en\/wp-json\/wp\/v2\/pages"}],"about":[{"href":"https:\/\/umeafolketshus.se\/en\/wp-json\/wp\/v2\/types\/page"}],"author":[{"embeddable":true,"href":"https:\/\/umeafolketshus.se\/en\/wp-json\/wp\/v2\/users\/2"}],"replies":[{"embeddable":true,"href":"https:\/\/umeafolketshus.se\/en\/wp-json\/wp\/v2\/comments?post=3281"}],"version-history":[{"count":1,"href":"https:\/\/umeafolketshus.se\/en\/wp-json\/wp\/v2\/pages\/3281\/revisions"}],"predecessor-version":[{"id":3282,"href":"https:\/\/umeafolketshus.se\/en\/wp-json\/wp\/v2\/pages\/3281\/revisions\/3282"}],"up":[{"embeddable":true,"href":"https:\/\/umeafolketshus.se\/en\/wp-json\/wp\/v2\/pages\/3289"}],"wp:attachment":[{"href":"https:\/\/umeafolketshus.se\/en\/wp-json\/wp\/v2\/media?parent=3281"}],"curies":[{"name":"wp","href":"https:\/\/api.w.org\/{rel}","templated":true}]}}