{"id":3267,"date":"2017-12-05T13:26:38","date_gmt":"2017-12-05T12:26:38","guid":{"rendered":"https:\/\/umeafolketshus.se\/green-traveling\/"},"modified":"2019-01-14T14:01:49","modified_gmt":"2019-01-14T13:01:49","slug":"green-traveling","status":"publish","type":"page","link":"https:\/\/umeafolketshus.se\/en\/miljo\/green-traveling\/","title":{"rendered":"Green traveling"},"content":{"rendered":"<p>[et_pb_section bb_built=&#8221;1&#8243; _builder_version=&#8221;3.0.92&#8243; custom_padding=&#8221;0px|0px|75px|0px&#8221; next_background_color=&#8221;#000000&#8243;][et_pb_row use_custom_width=&#8221;on&#8221; width_unit=&#8221;off&#8221; custom_width_percent=&#8221;100%&#8221; custom_padding=&#8221;0px||80px|&#8221; _builder_version=&#8221;3.0.92&#8243; background_image=&#8221;https:\/\/umeafolketshus.se\/wp-content\/uploads\/umea_folkets_hus-19-Applet.jpg&#8221;][et_pb_column type=&#8221;2_3&#8243;][et_pb_text admin_label=&#8221;Sidrubrik&#8221; background_layout=&#8221;dark&#8221; module_class=&#8221;page-header&#8221; _builder_version=&#8221;3.0.92&#8243; text_font=&#8221;|||on|||||&#8221; header_font=&#8221;|||on|||||&#8221; header_text_align=&#8221;center&#8221; header_font_size=&#8221;43px&#8221; background_color=&#8221;rgba(26,23,27,0.75)&#8221; text_orientation=&#8221;center&#8221; max_width=&#8221;80%&#8221; module_alignment=&#8221;left&#8221; custom_padding=&#8221;20px|20px|20px|20px&#8221; disabled=&#8221;off&#8221; disabled_on=&#8221;on|on|&#8221;]<\/p>\n<h1>Climate friendly travel to Ume\u00e5 Folkets Hus<\/h1>\n<p>[\/et_pb_text][\/et_pb_column][et_pb_column type=&#8221;1_3&#8243;][et_pb_text admin_label=&#8221;Inforuta&#8221; background_layout=&#8221;dark&#8221; _builder_version=&#8221;3.0.92&#8243; background_color=&#8221;rgba(206,127,32,0.75)&#8221; custom_margin=&#8221;|||3vw&#8221; custom_margin_last_edited=&#8221;on|desktop&#8221; custom_padding=&#8221;25px|25px|25px|25px&#8221;]<\/p>\n<h4>Climate friendly travel to Ume\u00e5.<\/h4>\n<p><strong>Green travel:<\/strong><br \/>\nGreener travel with SJ.<br \/>\nEcotaxi med\u00a0Eco Taxi.<br \/>\nGreen landings with\u00a0Malm\u00f6 Aviation.<\/p>\n<p>&nbsp;<\/p>\n<p>[\/et_pb_text][\/et_pb_column][\/et_pb_row][et_pb_row use_custom_width=&#8221;on&#8221; width_unit=&#8221;off&#8221; custom_width_percent=&#8221;100%&#8221; custom_padding=&#8221;0px||80px|&#8221; _builder_version=&#8221;3.0.92&#8243; background_image=&#8221;https:\/\/umeafolketshus.se\/wp-content\/uploads\/umea_folkets_hus-19-Applet.jpg&#8221; disabled=&#8221;off&#8221; disabled_on=&#8221;||on&#8221;][et_pb_column type=&#8221;2_3&#8243;][et_pb_text admin_label=&#8221;Sidrubrik&#8221; background_layout=&#8221;dark&#8221; module_class=&#8221;page-header&#8221; _builder_version=&#8221;3.0.92&#8243; text_font=&#8221;|||on|||||&#8221; header_font=&#8221;|||on|||||&#8221; header_text_align=&#8221;center&#8221; header_font_size=&#8221;43px&#8221; background_color=&#8221;rgba(26,23,27,0.75)&#8221; text_orientation=&#8221;center&#8221; max_width=&#8221;80%&#8221; module_alignment=&#8221;left&#8221; custom_padding=&#8221;20px|20px|20px|20px&#8221;]<\/p>\n<h2>Climate friendly travel<\/h2>\n<p>[\/et_pb_text][\/et_pb_column][et_pb_column type=&#8221;1_3&#8243;][et_pb_text admin_label=&#8221;Inforuta&#8221; background_layout=&#8221;dark&#8221; _builder_version=&#8221;3.0.92&#8243; background_color=&#8221;rgba(206,127,32,0.75)&#8221; custom_margin=&#8221;|||3vw&#8221; custom_margin_last_edited=&#8221;on|desktop&#8221; custom_padding=&#8221;25px|25px|25px|25px&#8221;]<\/p>\n<h4>Climate friendly travel to Ume\u00e5.<\/h4>\n<p><strong>Green travel:<\/strong><br \/>\nGreener travel with SJ.<br \/>\nEcotaxi med\u00a0Eco Taxi.<br \/>\nGreen landings with\u00a0Malm\u00f6 Aviation.<\/p>\n<p>&nbsp;<\/p>\n<p>[\/et_pb_text][\/et_pb_column][\/et_pb_row][\/et_pb_section][et_pb_section bb_built=&#8221;1&#8243; _builder_version=&#8221;3.0.47&#8243; custom_padding=&#8221;30px|0px|119px|0px&#8221; prev_background_color=&#8221;#000000&#8243;][et_pb_row _builder_version=&#8221;3.0.47&#8243; background_size=&#8221;initial&#8221; background_position=&#8221;top_left&#8221; background_repeat=&#8221;repeat&#8221;][et_pb_column type=&#8221;1_4&#8243;][et_pb_text _builder_version=&#8221;3.0.92&#8243;]<\/p>\n<h3><strong>Green traveling<\/strong><\/h3>\n<p>Almost all trains in Sweden are electric and SJ only buys its electricity from renewable sources like water and wind for its trains. This means that the production of electricity for the trains causes minimal emissions. When calculate per person, the amount of carbon dioxide emissions on a trip from Stockholm to Gothenburg would be the equivalent of driving 3 millimeters on gasoline. All trips with SJ&#8217;s electric trains meet the Swedish Society for Nature Conservation&#8217;s requirements for Good Environmental Choice, the world&#8217;s toughest eco-label.<\/p>\n<p>Every day, around 110,000 people travel to about 350 destinations in Sweden on SJ\u2019s trains. In 2007, SJ had earning of 8,3 billion Swedish crowns. SJ\u2019s 400 employees work hard to make train travel simple, comfortable and safe. Sj\u2019s electric trains are labeled as Good Environmental Choice fulfilling the world\u2019s toughest environmental requirements.<\/p>\n<p>[\/et_pb_text][et_pb_button _builder_version=&#8221;3.0.92&#8243; button_text=&#8221;It\u2019s a good environmental choice to ride the trains with SJ. &#8221; url_new_window=&#8221;on&#8221; button_alignment=&#8221;left&#8221; background_layout=&#8221;dark&#8221; custom_button=&#8221;off&#8221; button_icon_placement=&#8221;right&#8221; disabled=&#8221;off&#8221; disabled_on=&#8221;on|on|&#8221; button_url=&#8221;https:\/\/www.sj.se\/&#8221; \/][et_pb_button _builder_version=&#8221;3.0.92&#8243; button_text=&#8221;It\u2019s a good environmental choice to ride the trains with SJ. &#8221; url_new_window=&#8221;off&#8221; button_alignment=&#8221;center&#8221; background_layout=&#8221;dark&#8221; custom_button=&#8221;off&#8221; button_icon_placement=&#8221;right&#8221; disabled=&#8221;off&#8221; disabled_on=&#8221;||on&#8221; button_url=&#8221;https:\/\/www.sj.se\/&#8221; \/][\/et_pb_column][et_pb_column type=&#8221;1_2&#8243;][et_pb_text _builder_version=&#8221;3.0.106&#8243; background_layout=&#8221;light&#8221;]<\/p>\n<h3><strong>Green landings<\/strong><\/h3>\n<p>The trips to and from Ume\u00e5 are of course included in the concept of Green Meetings. Ume\u00e5 airport works hard to implement the so-called green landings.<\/p>\n<p>&#8211; A green landing means that you make a more even descent from the maximum height. The descent feels more like gliding and happens while to engines at very low revolutions. This reduces both fuel consumption and noise, says airport manager Karin Larsson-T\u00e4ngden. Many landings are carried out this way in Ume\u00e5 today.<\/p>\n<p>Ume\u00e5 Airport became environmentally certified in 1999 and was the first airport to do so in Scandinavia.<\/p>\n<p>&#8211; We work hard to create the best conditions for green landings in Ume\u00e5 and will gladly do what we can to live up to the environmental concerns that characterize Green meetings.<\/p>\n<p><em>Malm\u00f6 Aviation is environmentally certified!<\/em><\/p>\n<p>To constantly be better is something we prioritize even in our environmental efforts. We are therefore proud to be the only regular airline to be environmentally certified according to ISO 14001.The environmental certification means that we have full control over how we affect the environment and that we take it upon ourselves to constantly improve our environmental performance. We do this continuously through our environmental management system that measures, registers and monitors our total environmental impact.<\/p>\n<p>Malm\u00f6 Aviation\u2019s environmental goals lay within those areas where we have most impact: air emissions, noise, waste and our purchases.<\/p>\n<p>[\/et_pb_text][et_pb_button _builder_version=&#8221;3.0.92&#8243; button_text=&#8221;Fly environmentally certified with Malm\u00f6 Aviation. &#8221; url_new_window=&#8221;on&#8221; button_alignment=&#8221;left&#8221; background_layout=&#8221;dark&#8221; custom_button=&#8221;off&#8221; button_icon_placement=&#8221;right&#8221; disabled=&#8221;off&#8221; disabled_on=&#8221;on|on|&#8221; button_url=&#8221;https:\/\/www.flygbra.se&#8221; \/][et_pb_button _builder_version=&#8221;3.0.92&#8243; button_text=&#8221;Fly environmentally certified with Malm\u00f6 Aviation. &#8221; url_new_window=&#8221;on&#8221; button_alignment=&#8221;center&#8221; background_layout=&#8221;dark&#8221; custom_button=&#8221;off&#8221; button_icon_placement=&#8221;right&#8221; disabled=&#8221;off&#8221; disabled_on=&#8221;||on&#8221; button_url=&#8221;https:\/\/www.flygbra.se&#8221; \/][\/et_pb_column][et_pb_column type=&#8221;1_4&#8243;][et_pb_text _builder_version=&#8221;3.0.92&#8243;]<\/p>\n<h3><b>Ecotaxis<\/b><\/h3>\n<p>Eco Taxi<br \/>\nEcotaxi is a taxi company in Ume\u00e5 that focuses on a strong environmental profile without compromising on price or service. All of Eco Taxi\u2019s cars are of course environmentally friendly cars.<\/p>\n<p>Ume\u00e5 Taxi \u2013 Ecotaxis f\u00f6r the city of birches<br \/>\nUme\u00e5 Taxi\u2019s environmental work is carried out by constantly striving to reduce and prevent pollution in the air, land and water. This is done by using cars, fuel, oil and tires of the highest environmental class.<\/p>\n<p>[\/et_pb_text][et_pb_button _builder_version=&#8221;3.0.92&#8243; button_text=&#8221;Ride ecotaxis with Eco Taxi.&#8221; url_new_window=&#8221;on&#8221; button_alignment=&#8221;left&#8221; background_layout=&#8221;dark&#8221; custom_button=&#8221;off&#8221; button_icon_placement=&#8221;right&#8221; disabled=&#8221;off&#8221; disabled_on=&#8221;on|on|&#8221; button_url=&#8221;http:\/\/ecotaxi.se&#8221; \/][et_pb_button _builder_version=&#8221;3.0.92&#8243; button_text=&#8221;Ride ecotaxis with Eco Taxi.&#8221; url_new_window=&#8221;on&#8221; button_alignment=&#8221;center&#8221; background_layout=&#8221;dark&#8221; custom_button=&#8221;off&#8221; button_icon_placement=&#8221;right&#8221; disabled=&#8221;off&#8221; disabled_on=&#8221;||on&#8221; button_url=&#8221;http:\/\/ecotaxi.se&#8221; \/][\/et_pb_column][\/et_pb_row][\/et_pb_section]<\/p>\n","protected":false},"excerpt":{"rendered":"<p>Climate friendly travel to Ume\u00e5 Folkets Hus Climate friendly travel to Ume\u00e5. Green travel: Greener travel with SJ. Ecotaxi med\u00a0Eco Taxi. Green landings with\u00a0Malm\u00f6 Aviation. &nbsp; Climate friendly travel Climate friendly travel to Ume\u00e5. Green travel: Greener travel with SJ. Ecotaxi med\u00a0Eco Taxi. Green landings with\u00a0Malm\u00f6 Aviation. &nbsp; Green traveling Almost all trains in Sweden&#8230;<\/p>\n","protected":false},"author":2,"featured_media":0,"parent":3287,"menu_order":0,"comment_status":"closed","ping_status":"closed","template":"","meta":{"_et_pb_use_builder":"on","_et_pb_old_content":"","_et_gb_content_width":"","_monsterinsights_skip_tracking":false,"_monsterinsights_sitenote_active":false,"_monsterinsights_sitenote_note":"","_monsterinsights_sitenote_category":0,"footnotes":""},"class_list":["post-3267","page","type-page","status-publish","hentry"],"yoast_head":"<!-- This site is optimized with the Yoast SEO plugin v26.2 - https:\/\/yoast.com\/wordpress\/plugins\/seo\/ -->\n<title>Green traveling - Ume\u00e5 Folkets Hus<\/title>\n<meta name=\"robots\" content=\"index, follow, max-snippet:-1, max-image-preview:large, max-video-preview:-1\" \/>\n<link rel=\"canonical\" href=\"https:\/\/umeafolketshus.se\/miljo\/green-traveling\/\" \/>\n<meta property=\"og:locale\" content=\"en_US\" \/>\n<meta property=\"og:type\" content=\"article\" \/>\n<meta property=\"og:title\" content=\"Green traveling - Ume\u00e5 Folkets Hus\" \/>\n<meta property=\"og:description\" content=\"Climate friendly travel to Ume\u00e5 Folkets Hus Climate friendly travel to Ume\u00e5. Green travel: Greener travel with SJ. Ecotaxi med\u00a0Eco Taxi. Green landings with\u00a0Malm\u00f6 Aviation. &nbsp; Climate friendly travel Climate friendly travel to Ume\u00e5. Green travel: Greener travel with SJ. Ecotaxi med\u00a0Eco Taxi. Green landings with\u00a0Malm\u00f6 Aviation. &nbsp; Green traveling Almost all trains in Sweden...\" \/>\n<meta property=\"og:url\" content=\"https:\/\/umeafolketshus.se\/miljo\/green-traveling\/\" \/>\n<meta property=\"og:site_name\" content=\"Ume\u00e5 Folkets Hus\" \/>\n<meta property=\"article:modified_time\" content=\"2019-01-14T13:01:49+00:00\" \/>\n<meta name=\"twitter:card\" content=\"summary_large_image\" \/>\n<meta name=\"twitter:label1\" content=\"Est. reading time\" \/>\n\t<meta name=\"twitter:data1\" content=\"6 minutes\" \/>\n<script type=\"application\/ld+json\" class=\"yoast-schema-graph\">{\"@context\":\"https:\/\/schema.org\",\"@graph\":[{\"@type\":\"WebPage\",\"@id\":\"https:\/\/umeafolketshus.se\/miljo\/green-traveling\/\",\"url\":\"https:\/\/umeafolketshus.se\/miljo\/green-traveling\/\",\"name\":\"Green traveling - Ume\u00e5 Folkets Hus\",\"isPartOf\":{\"@id\":\"https:\/\/umeafolketshus.se\/#website\"},\"datePublished\":\"2017-12-05T12:26:38+00:00\",\"dateModified\":\"2019-01-14T13:01:49+00:00\",\"breadcrumb\":{\"@id\":\"https:\/\/umeafolketshus.se\/miljo\/green-traveling\/#breadcrumb\"},\"inLanguage\":\"en-US\",\"potentialAction\":[{\"@type\":\"ReadAction\",\"target\":[\"https:\/\/umeafolketshus.se\/miljo\/green-traveling\/\"]}]},{\"@type\":\"BreadcrumbList\",\"@id\":\"https:\/\/umeafolketshus.se\/miljo\/green-traveling\/#breadcrumb\",\"itemListElement\":[{\"@type\":\"ListItem\",\"position\":1,\"name\":\"Hem\",\"item\":\"https:\/\/umeafolketshus.se\/\"},{\"@type\":\"ListItem\",\"position\":2,\"name\":\"Milj\u00f6\",\"item\":\"https:\/\/umeafolketshus.se\/miljo\/\"},{\"@type\":\"ListItem\",\"position\":3,\"name\":\"Green traveling\"}]},{\"@type\":\"WebSite\",\"@id\":\"https:\/\/umeafolketshus.se\/#website\",\"url\":\"https:\/\/umeafolketshus.se\/\",\"name\":\"Ume\u00e5 Folkets Hus\",\"description\":\"Stora eller sm\u00e5. Dina konferenser f\u00e5r plats hos oss.\",\"potentialAction\":[{\"@type\":\"SearchAction\",\"target\":{\"@type\":\"EntryPoint\",\"urlTemplate\":\"https:\/\/umeafolketshus.se\/?s={search_term_string}\"},\"query-input\":{\"@type\":\"PropertyValueSpecification\",\"valueRequired\":true,\"valueName\":\"search_term_string\"}}],\"inLanguage\":\"en-US\"}]}<\/script>\n<!-- \/ Yoast SEO plugin. -->","yoast_head_json":{"title":"Green traveling - Ume\u00e5 Folkets Hus","robots":{"index":"index","follow":"follow","max-snippet":"max-snippet:-1","max-image-preview":"max-image-preview:large","max-video-preview":"max-video-preview:-1"},"canonical":"https:\/\/umeafolketshus.se\/miljo\/green-traveling\/","og_locale":"en_US","og_type":"article","og_title":"Green traveling - Ume\u00e5 Folkets Hus","og_description":"Climate friendly travel to Ume\u00e5 Folkets Hus Climate friendly travel to Ume\u00e5. Green travel: Greener travel with SJ. Ecotaxi med\u00a0Eco Taxi. Green landings with\u00a0Malm\u00f6 Aviation. &nbsp; Climate friendly travel Climate friendly travel to Ume\u00e5. Green travel: Greener travel with SJ. Ecotaxi med\u00a0Eco Taxi. Green landings with\u00a0Malm\u00f6 Aviation. &nbsp; Green traveling Almost all trains in Sweden...","og_url":"https:\/\/umeafolketshus.se\/miljo\/green-traveling\/","og_site_name":"Ume\u00e5 Folkets Hus","article_modified_time":"2019-01-14T13:01:49+00:00","twitter_card":"summary_large_image","twitter_misc":{"Est. reading time":"6 minutes"},"schema":{"@context":"https:\/\/schema.org","@graph":[{"@type":"WebPage","@id":"https:\/\/umeafolketshus.se\/miljo\/green-traveling\/","url":"https:\/\/umeafolketshus.se\/miljo\/green-traveling\/","name":"Green traveling - Ume\u00e5 Folkets Hus","isPartOf":{"@id":"https:\/\/umeafolketshus.se\/#website"},"datePublished":"2017-12-05T12:26:38+00:00","dateModified":"2019-01-14T13:01:49+00:00","breadcrumb":{"@id":"https:\/\/umeafolketshus.se\/miljo\/green-traveling\/#breadcrumb"},"inLanguage":"en-US","potentialAction":[{"@type":"ReadAction","target":["https:\/\/umeafolketshus.se\/miljo\/green-traveling\/"]}]},{"@type":"BreadcrumbList","@id":"https:\/\/umeafolketshus.se\/miljo\/green-traveling\/#breadcrumb","itemListElement":[{"@type":"ListItem","position":1,"name":"Hem","item":"https:\/\/umeafolketshus.se\/"},{"@type":"ListItem","position":2,"name":"Milj\u00f6","item":"https:\/\/umeafolketshus.se\/miljo\/"},{"@type":"ListItem","position":3,"name":"Green traveling"}]},{"@type":"WebSite","@id":"https:\/\/umeafolketshus.se\/#website","url":"https:\/\/umeafolketshus.se\/","name":"Ume\u00e5 Folkets Hus","description":"Stora eller sm\u00e5. Dina konferenser f\u00e5r plats hos oss.","potentialAction":[{"@type":"SearchAction","target":{"@type":"EntryPoint","urlTemplate":"https:\/\/umeafolketshus.se\/?s={search_term_string}"},"query-input":{"@type":"PropertyValueSpecification","valueRequired":true,"valueName":"search_term_string"}}],"inLanguage":"en-US"}]}},"_links":{"self":[{"href":"https:\/\/umeafolketshus.se\/en\/wp-json\/wp\/v2\/pages\/3267","targetHints":{"allow":["GET"]}}],"collection":[{"href":"https:\/\/umeafolketshus.se\/en\/wp-json\/wp\/v2\/pages"}],"about":[{"href":"https:\/\/umeafolketshus.se\/en\/wp-json\/wp\/v2\/types\/page"}],"author":[{"embeddable":true,"href":"https:\/\/umeafolketshus.se\/en\/wp-json\/wp\/v2\/users\/2"}],"replies":[{"embeddable":true,"href":"https:\/\/umeafolketshus.se\/en\/wp-json\/wp\/v2\/comments?post=3267"}],"version-history":[{"count":1,"href":"https:\/\/umeafolketshus.se\/en\/wp-json\/wp\/v2\/pages\/3267\/revisions"}],"predecessor-version":[{"id":3268,"href":"https:\/\/umeafolketshus.se\/en\/wp-json\/wp\/v2\/pages\/3267\/revisions\/3268"}],"up":[{"embeddable":true,"href":"https:\/\/umeafolketshus.se\/en\/wp-json\/wp\/v2\/pages\/3287"}],"wp:attachment":[{"href":"https:\/\/umeafolketshus.se\/en\/wp-json\/wp\/v2\/media?parent=3267"}],"curies":[{"name":"wp","href":"https:\/\/api.w.org\/{rel}","templated":true}]}}