{"id":2941,"date":"2017-12-05T13:24:42","date_gmt":"2017-12-05T12:24:42","guid":{"rendered":"https:\/\/umeafolketshus.se\/restaurant-applet\/"},"modified":"2019-01-14T13:47:06","modified_gmt":"2019-01-14T12:47:06","slug":"restaurant-applet","status":"publish","type":"page","link":"https:\/\/umeafolketshus.se\/en\/restaurant\/restaurant-applet\/","title":{"rendered":"Restaurant \u00c4pplet"},"content":{"rendered":"<p>[et_pb_section bb_built=&#8221;1&#8243; _builder_version=&#8221;3.0.92&#8243; next_background_color=&#8221;#000000&#8243;][et_pb_row use_custom_width=&#8221;on&#8221; width_unit=&#8221;off&#8221; custom_width_percent=&#8221;100%&#8221; custom_padding=&#8221;0px||80px|&#8221; _builder_version=&#8221;3.0.92&#8243; background_image=&#8221;https:\/\/umeafolketshus.se\/wp-content\/uploads\/umea_folkets_hus-19-Applet.jpg&#8221;][et_pb_column type=&#8221;2_3&#8243;][et_pb_text admin_label=&#8221;Sidrubrik&#8221; background_layout=&#8221;dark&#8221; module_class=&#8221;page-header&#8221; _builder_version=&#8221;3.0.92&#8243; text_font=&#8221;|||on|||||&#8221; header_font=&#8221;|||on|||||&#8221; header_text_align=&#8221;center&#8221; header_font_size=&#8221;43px&#8221; background_color=&#8221;rgba(26,23,27,0.75)&#8221; text_orientation=&#8221;center&#8221; max_width=&#8221;80%&#8221; module_alignment=&#8221;left&#8221; custom_padding=&#8221;20px|20px|20px|20px&#8221;]<\/p>\n<h1>Restaurant \u00c4pplet<\/h1>\n<p>[\/et_pb_text][\/et_pb_column][et_pb_column type=&#8221;1_3&#8243;][et_pb_text admin_label=&#8221;Inforuta&#8221; background_layout=&#8221;dark&#8221; _builder_version=&#8221;3.0.92&#8243; background_color=&#8221;rgba(206,127,32,0.75)&#8221; custom_margin=&#8221;|||3vw&#8221; custom_margin_last_edited=&#8221;on|desktop&#8221; custom_padding=&#8221;25px|25px|25px|25px&#8221;]<\/p>\n<h4>Capacity<\/h4>\n<p><strong>Seated dinner:<\/strong> 700 persons<br \/>\n<strong>Event \/ Concert:<\/strong> 850 persons<\/p>\n<h4>Equipment<\/h4>\n<p>Wireless internet<\/p>\n<p>[\/et_pb_text][\/et_pb_column][\/et_pb_row][\/et_pb_section][et_pb_section bb_built=&#8221;1&#8243; _builder_version=&#8221;3.0.47&#8243; prev_background_color=&#8221;#000000&#8243;][et_pb_row _builder_version=&#8221;3.0.47&#8243; background_size=&#8221;initial&#8221; background_position=&#8221;top_left&#8221; background_repeat=&#8221;repeat&#8221;][et_pb_column type=&#8221;2_3&#8243;][et_pb_image src=&#8221;https:\/\/umeafolketshus.se\/wp-content\/uploads\/umea_folkets_hus-18-Applet.jpg&#8221; _builder_version=&#8221;3.0.92&#8243;]<\/p>\n<p>a<\/p>\n<p>[\/et_pb_image][\/et_pb_column][et_pb_column type=&#8221;1_3&#8243;][et_pb_text _builder_version=&#8221;3.0.106&#8243;]<\/p>\n<h3 style=\"text-align: center;\"><strong>Restaurant \u00c4pplet<\/strong><\/h3>\n<p style=\"text-align: center;\">Our restaurant \u00c4pplet has been a bit of an unknown, but has always been appreciated by our guests that leave us very satisfied. Some have been here on a conference lunch, others while attending a concert or an office party. We are very flexible and can therefore cater to almost all your wishes. It is what makes us unique. We have throughout the years arranged large banquets such as the Student Ball in recent years for 1100 people. We have also arranged dinners in conjunction with conferences, office parties, kick-off dinners and live shows.<\/p>\n<p style=\"text-align: center;\">\u00c4pplet has been Ecolabel Certified since 2008 which we are very proud of. Our fantastic staff works to a large extent with local and ecological produce. There\u2019s no doubt that our guests leave our events with a huge smile.<\/p>\n<p>[\/et_pb_text][et_pb_toggle title=&#8221;Norrland Menu&#8221; icon_color=&#8221;#b98231&#8243; disabled_on=&#8221;||off&#8221; _builder_version=&#8221;3.0.106&#8243; text_orientation=&#8221;center&#8221; open=&#8221;off&#8221;]<\/p>\n<p style=\"text-align: center;\"><b>STARTER<\/b><\/p>\n<p style=\"text-align: center;\">Dill baked char with pressed cauliflower, horseradish sour cream, apple and trout caviar salad with rye croutons.<\/p>\n<p style=\"text-align: center;\"><b>MAIN DISH<\/b><\/p>\n<p style=\"text-align: center;\">Spice-fried reindeer roast beef, game terrine, pickled vegetables, almond potato cake with smoked V\u00e4sterbotten cheese.<br \/>\nServed with chanterelles and lingonberry gravy.<\/p>\n<p style=\"text-align: center;\"><b>DESSERT<\/b><\/p>\n<p style=\"text-align: center;\">Variety of cloudberry, almond cream, cream cheese mousse, almond cake and deep-fried almond.<\/p>\n<p>[\/et_pb_toggle][et_pb_toggle title=&#8221;Banquet menu&#8221; icon_color=&#8221;#b98231&#8243; disabled_on=&#8221;||off&#8221; _builder_version=&#8221;3.0.106&#8243; text_orientation=&#8221;center&#8221; open=&#8221;off&#8221;]<\/p>\n<p style=\"text-align: center;\"><b>Starters<\/b><\/p>\n<p style=\"text-align: center;\"><strong>Roasted golden beetroot tartar<\/strong><br \/>\nwith elderberry vinaigrette, beetroot tapioca, mustard seeds, cold smoked sour cream and homemade crispbread.<\/p>\n<p style=\"text-align: center;\"><strong>Salted, slightly steamed haddock<\/strong><br \/>\nwith crispbread with chili, ginger and mangold salad, pumpkin puree and pickled shallot, chili and pumpkin.<\/p>\n<p style=\"text-align: center;\"><strong>Duck terrine<\/strong><br \/>\nwith roasted pecan nuts, apple puree, balsamic and port wine jelly with vein cress.<\/p>\n<p style=\"text-align: center;\"><b>Main dishes<\/b><\/p>\n<p style=\"text-align: center;\"><strong>Soft baked deer roast beef<\/strong><br \/>\nwith potato and goat cheese cake. Served with herb maderia sauce and herb salad with pickled roots.<\/p>\n<p style=\"text-align: center;\"><strong>Grilled halibut<\/strong><br \/>\nwith beurre blanc as well as roasted peppers puree, chickpeas and potatoes with taste of caraway. Served with lukewarm mushrooms salad, fris\u00e9e salad, oak leaves and salt-roasted beans.<\/p>\n<p style=\"text-align: center;\"><strong>Coffee rubbed flank steak<\/strong><br \/>\nwith parsley root and potato puree, sour pak choy, licorice sauce.<\/p>\n<p style=\"text-align: center;\"><b>Desserts<\/b><\/p>\n<p style=\"text-align: center;\"><strong>Mousse<\/strong><br \/>\non blackcurrants with blackcurrant coulie, vanilla currants, almond and pistachio cake with almond cream.<\/p>\n<p style=\"text-align: center;\"><strong> Choklate mousse<\/strong><br \/>\nwith vanilla cream, boiled cherries, crispbread and sugar-baked bread.<\/p>\n<p style=\"text-align: center;\"><strong>White caprin brul\u00e9<\/strong><br \/>\nblueberry gel, blueberry jam and V\u00e4sterbotten cheese brioche.<\/p>\n<p style=\"text-align: center;\"><em>\u00c4pplet Restaurant uses locally produced and organic raw materials to a great extent but availability can be scarce in some seasons. This means that we reserve the right to replace a raw material with an equivalent if it is not available from our suppliers. For us, environmental protection comes first.<\/em><\/p>\n<p>[\/et_pb_toggle][\/et_pb_column][\/et_pb_row][\/et_pb_section]<\/p>\n","protected":false},"excerpt":{"rendered":"<p>Restaurant \u00c4pplet Capacity Seated dinner: 700 persons Event \/ Concert: 850 persons Equipment Wireless internet a Restaurant \u00c4pplet Our restaurant \u00c4pplet has been a bit of an unknown, but has always been appreciated by our guests that leave us very satisfied. Some have been here on a conference lunch, others while attending a concert or&#8230;<\/p>\n","protected":false},"author":2,"featured_media":0,"parent":3291,"menu_order":0,"comment_status":"closed","ping_status":"closed","template":"","meta":{"_et_pb_use_builder":"on","_et_pb_old_content":"","_et_gb_content_width":"","_monsterinsights_skip_tracking":false,"_monsterinsights_sitenote_active":false,"_monsterinsights_sitenote_note":"","_monsterinsights_sitenote_category":0,"footnotes":""},"class_list":["post-2941","page","type-page","status-publish","hentry"],"yoast_head":"<!-- This site is optimized with the Yoast SEO plugin v26.2 - https:\/\/yoast.com\/wordpress\/plugins\/seo\/ -->\n<title>Restaurant \u00c4pplet - Ume\u00e5 Folkets Hus<\/title>\n<meta name=\"robots\" content=\"index, follow, max-snippet:-1, max-image-preview:large, max-video-preview:-1\" \/>\n<link rel=\"canonical\" href=\"https:\/\/umeafolketshus.se\/restaurant\/restaurant-applet\/\" \/>\n<meta property=\"og:locale\" content=\"en_US\" \/>\n<meta property=\"og:type\" content=\"article\" \/>\n<meta property=\"og:title\" content=\"Restaurant \u00c4pplet - Ume\u00e5 Folkets Hus\" \/>\n<meta property=\"og:description\" content=\"Restaurant \u00c4pplet Capacity Seated dinner: 700 persons Event \/ Concert: 850 persons Equipment Wireless internet a Restaurant \u00c4pplet Our restaurant \u00c4pplet has been a bit of an unknown, but has always been appreciated by our guests that leave us very satisfied. Some have been here on a conference lunch, others while attending a concert or...\" \/>\n<meta property=\"og:url\" content=\"https:\/\/umeafolketshus.se\/restaurant\/restaurant-applet\/\" \/>\n<meta property=\"og:site_name\" content=\"Ume\u00e5 Folkets Hus\" \/>\n<meta property=\"article:modified_time\" content=\"2019-01-14T12:47:06+00:00\" \/>\n<meta name=\"twitter:card\" content=\"summary_large_image\" \/>\n<meta name=\"twitter:label1\" content=\"Est. reading time\" \/>\n\t<meta name=\"twitter:data1\" content=\"3 minutes\" \/>\n<script type=\"application\/ld+json\" class=\"yoast-schema-graph\">{\"@context\":\"https:\/\/schema.org\",\"@graph\":[{\"@type\":\"WebPage\",\"@id\":\"https:\/\/umeafolketshus.se\/restaurant\/restaurant-applet\/\",\"url\":\"https:\/\/umeafolketshus.se\/restaurant\/restaurant-applet\/\",\"name\":\"Restaurant \u00c4pplet - Ume\u00e5 Folkets Hus\",\"isPartOf\":{\"@id\":\"https:\/\/umeafolketshus.se\/#website\"},\"datePublished\":\"2017-12-05T12:24:42+00:00\",\"dateModified\":\"2019-01-14T12:47:06+00:00\",\"breadcrumb\":{\"@id\":\"https:\/\/umeafolketshus.se\/restaurant\/restaurant-applet\/#breadcrumb\"},\"inLanguage\":\"en-US\",\"potentialAction\":[{\"@type\":\"ReadAction\",\"target\":[\"https:\/\/umeafolketshus.se\/restaurant\/restaurant-applet\/\"]}]},{\"@type\":\"BreadcrumbList\",\"@id\":\"https:\/\/umeafolketshus.se\/restaurant\/restaurant-applet\/#breadcrumb\",\"itemListElement\":[{\"@type\":\"ListItem\",\"position\":1,\"name\":\"Hem\",\"item\":\"https:\/\/umeafolketshus.se\/\"},{\"@type\":\"ListItem\",\"position\":2,\"name\":\"Restaurant\",\"item\":\"https:\/\/umeafolketshus.se\/restaurant\/\"},{\"@type\":\"ListItem\",\"position\":3,\"name\":\"Restaurant \u00c4pplet\"}]},{\"@type\":\"WebSite\",\"@id\":\"https:\/\/umeafolketshus.se\/#website\",\"url\":\"https:\/\/umeafolketshus.se\/\",\"name\":\"Ume\u00e5 Folkets Hus\",\"description\":\"Stora eller sm\u00e5. Dina konferenser f\u00e5r plats hos oss.\",\"potentialAction\":[{\"@type\":\"SearchAction\",\"target\":{\"@type\":\"EntryPoint\",\"urlTemplate\":\"https:\/\/umeafolketshus.se\/?s={search_term_string}\"},\"query-input\":{\"@type\":\"PropertyValueSpecification\",\"valueRequired\":true,\"valueName\":\"search_term_string\"}}],\"inLanguage\":\"en-US\"}]}<\/script>\n<!-- \/ Yoast SEO plugin. -->","yoast_head_json":{"title":"Restaurant \u00c4pplet - Ume\u00e5 Folkets Hus","robots":{"index":"index","follow":"follow","max-snippet":"max-snippet:-1","max-image-preview":"max-image-preview:large","max-video-preview":"max-video-preview:-1"},"canonical":"https:\/\/umeafolketshus.se\/restaurant\/restaurant-applet\/","og_locale":"en_US","og_type":"article","og_title":"Restaurant \u00c4pplet - Ume\u00e5 Folkets Hus","og_description":"Restaurant \u00c4pplet Capacity Seated dinner: 700 persons Event \/ Concert: 850 persons Equipment Wireless internet a Restaurant \u00c4pplet Our restaurant \u00c4pplet has been a bit of an unknown, but has always been appreciated by our guests that leave us very satisfied. Some have been here on a conference lunch, others while attending a concert or...","og_url":"https:\/\/umeafolketshus.se\/restaurant\/restaurant-applet\/","og_site_name":"Ume\u00e5 Folkets Hus","article_modified_time":"2019-01-14T12:47:06+00:00","twitter_card":"summary_large_image","twitter_misc":{"Est. reading time":"3 minutes"},"schema":{"@context":"https:\/\/schema.org","@graph":[{"@type":"WebPage","@id":"https:\/\/umeafolketshus.se\/restaurant\/restaurant-applet\/","url":"https:\/\/umeafolketshus.se\/restaurant\/restaurant-applet\/","name":"Restaurant \u00c4pplet - Ume\u00e5 Folkets Hus","isPartOf":{"@id":"https:\/\/umeafolketshus.se\/#website"},"datePublished":"2017-12-05T12:24:42+00:00","dateModified":"2019-01-14T12:47:06+00:00","breadcrumb":{"@id":"https:\/\/umeafolketshus.se\/restaurant\/restaurant-applet\/#breadcrumb"},"inLanguage":"en-US","potentialAction":[{"@type":"ReadAction","target":["https:\/\/umeafolketshus.se\/restaurant\/restaurant-applet\/"]}]},{"@type":"BreadcrumbList","@id":"https:\/\/umeafolketshus.se\/restaurant\/restaurant-applet\/#breadcrumb","itemListElement":[{"@type":"ListItem","position":1,"name":"Hem","item":"https:\/\/umeafolketshus.se\/"},{"@type":"ListItem","position":2,"name":"Restaurant","item":"https:\/\/umeafolketshus.se\/restaurant\/"},{"@type":"ListItem","position":3,"name":"Restaurant \u00c4pplet"}]},{"@type":"WebSite","@id":"https:\/\/umeafolketshus.se\/#website","url":"https:\/\/umeafolketshus.se\/","name":"Ume\u00e5 Folkets Hus","description":"Stora eller sm\u00e5. Dina konferenser f\u00e5r plats hos oss.","potentialAction":[{"@type":"SearchAction","target":{"@type":"EntryPoint","urlTemplate":"https:\/\/umeafolketshus.se\/?s={search_term_string}"},"query-input":{"@type":"PropertyValueSpecification","valueRequired":true,"valueName":"search_term_string"}}],"inLanguage":"en-US"}]}},"_links":{"self":[{"href":"https:\/\/umeafolketshus.se\/en\/wp-json\/wp\/v2\/pages\/2941","targetHints":{"allow":["GET"]}}],"collection":[{"href":"https:\/\/umeafolketshus.se\/en\/wp-json\/wp\/v2\/pages"}],"about":[{"href":"https:\/\/umeafolketshus.se\/en\/wp-json\/wp\/v2\/types\/page"}],"author":[{"embeddable":true,"href":"https:\/\/umeafolketshus.se\/en\/wp-json\/wp\/v2\/users\/2"}],"replies":[{"embeddable":true,"href":"https:\/\/umeafolketshus.se\/en\/wp-json\/wp\/v2\/comments?post=2941"}],"version-history":[{"count":5,"href":"https:\/\/umeafolketshus.se\/en\/wp-json\/wp\/v2\/pages\/2941\/revisions"}],"predecessor-version":[{"id":3264,"href":"https:\/\/umeafolketshus.se\/en\/wp-json\/wp\/v2\/pages\/2941\/revisions\/3264"}],"up":[{"embeddable":true,"href":"https:\/\/umeafolketshus.se\/en\/wp-json\/wp\/v2\/pages\/3291"}],"wp:attachment":[{"href":"https:\/\/umeafolketshus.se\/en\/wp-json\/wp\/v2\/media?parent=2941"}],"curies":[{"name":"wp","href":"https:\/\/api.w.org\/{rel}","templated":true}]}}