{"id":2934,"date":"2017-12-05T13:22:32","date_gmt":"2017-12-05T12:22:32","guid":{"rendered":"https:\/\/umeafolketshus.se\/the-city-of-umea\/"},"modified":"2019-01-14T14:55:51","modified_gmt":"2019-01-14T13:55:51","slug":"the-city-of-umea","status":"publish","type":"page","link":"https:\/\/umeafolketshus.se\/en\/conference\/the-city-of-umea\/","title":{"rendered":"The City of Ume\u00e5"},"content":{"rendered":"<p>[et_pb_section bb_built=&#8221;1&#8243; _builder_version=&#8221;3.0.92&#8243; next_background_color=&#8221;#000000&#8243;][et_pb_row use_custom_width=&#8221;on&#8221; width_unit=&#8221;off&#8221; custom_width_percent=&#8221;100%&#8221; custom_padding=&#8221;0px||80px|&#8221; _builder_version=&#8221;3.0.92&#8243; background_image=&#8221;https:\/\/umeafolketshus.se\/wp-content\/uploads\/EdelPhoto-4860.jpg&#8221;][et_pb_column type=&#8221;2_3&#8243;][et_pb_text admin_label=&#8221;Sidrubrik&#8221; background_layout=&#8221;dark&#8221; module_class=&#8221;page-header&#8221; _builder_version=&#8221;3.0.92&#8243; text_font=&#8221;|||on|||||&#8221; header_font=&#8221;|||on|||||&#8221; header_text_align=&#8221;center&#8221; header_font_size=&#8221;43px&#8221; background_color=&#8221;rgba(26,23,27,0.75)&#8221; text_orientation=&#8221;center&#8221; max_width=&#8221;80%&#8221; module_alignment=&#8221;left&#8221; custom_padding=&#8221;20px|20px|20px|20px&#8221;]<\/p>\n<h1>The City of Ume\u00e5<\/h1>\n<p>[\/et_pb_text][\/et_pb_column][et_pb_column type=&#8221;1_3&#8243;][et_pb_text admin_label=&#8221;Inforuta&#8221; background_layout=&#8221;dark&#8221; _builder_version=&#8221;3.0.106&#8243; background_color=&#8221;rgba(206,127,32,0.75)&#8221; custom_margin=&#8221;|||3vw&#8221; custom_margin_last_edited=&#8221;on|desktop&#8221; custom_padding=&#8221;25px|25px|25px|25px&#8221;]<\/p>\n<h4>Welcome to Ume\u00e5<\/h4>\n<p><strong>Ume\u00e5 &#8211; <em>a creative city!<\/em><\/strong><br \/>\nUme\u00e5, The City of Birches, is the biggest city in northern Sweden and is one of the fastest growing cities in the country.<\/p>\n<p><b>Strong growth!<br \/>\n<\/b>Ume\u00e5 is growing with 1 000 inhabitants per year, and in that way Ume\u00e5 is unique in Norrland.<br \/>\n<b><br \/>\nClose to entertainment.<br \/>\n<\/b>Ume\u00e5 Folkets Hus is a neighbour of Navet, a bathing and exercise facility. Guitars the Museum and a number of award-winning restaurants are only a few minutes&#8217; walk away and for the culture lover &#8211; V\u00e4ven!<\/p>\n<p>[\/et_pb_text][\/et_pb_column][\/et_pb_row][\/et_pb_section][et_pb_section bb_built=&#8221;1&#8243; _builder_version=&#8221;3.0.92&#8243; prev_background_color=&#8221;#000000&#8243; next_background_color=&#8221;#000000&#8243;][et_pb_row use_custom_width=&#8221;on&#8221; custom_width_px=&#8221;705px&#8221; custom_padding=&#8221;31px|0px|30px|0px&#8221; custom_margin=&#8221;||-50px|&#8221; _builder_version=&#8221;3.0.92&#8243; background_size=&#8221;initial&#8221; background_position=&#8221;top_left&#8221; background_repeat=&#8221;repeat&#8221; module_alignment=&#8221;center&#8221;][et_pb_column type=&#8221;4_4&#8243;][et_pb_text disabled_on=&#8221;on|on|&#8221; _builder_version=&#8221;3.0.106&#8243; max_width=&#8221;88%&#8221; module_alignment=&#8221;center&#8221; custom_padding=&#8221;||-90px|&#8221; background_layout=&#8221;light&#8221;]<\/p>\n<h3 style=\"text-align: center;\"><strong>Welcome to Ume\u00e5, city of birches!<\/strong><\/h3>\n<p style=\"text-align: center;\">Welcome to Ume\u00e5. It is the culture, the creativity and the openness that attracts people from all over the world. The average age in Ume\u00e5 is as low as 38 years old and the city has a growth of more than 1000 inhabitants per year. This makes the city of birches the fastest growing city in the country. The county\u2019s vision is to reach 200,000 citizens by 2050. With its accessibility, entertainment and solid supply of culture Ume\u00e5 is the optimal Conference city.<\/p>\n<p>[\/et_pb_text][\/et_pb_column][\/et_pb_row][et_pb_row use_custom_width=&#8221;on&#8221; custom_width_px=&#8221;705px&#8221; custom_padding=&#8221;31px|0px|30px|0px&#8221; custom_margin=&#8221;||-50px|&#8221; _builder_version=&#8221;3.0.92&#8243; background_size=&#8221;initial&#8221; background_position=&#8221;top_left&#8221; background_repeat=&#8221;repeat&#8221; module_alignment=&#8221;center&#8221;][et_pb_column type=&#8221;4_4&#8243;][et_pb_text disabled_on=&#8221;||on&#8221; _builder_version=&#8221;3.0.106&#8243; max_width=&#8221;88%&#8221; module_alignment=&#8221;center&#8221; custom_padding=&#8221;||-90px|&#8221;]<\/p>\n<h3 style=\"text-align: center;\"><strong>Welcome to Ume\u00e5, city of birches!<\/strong><\/h3>\n<p style=\"text-align: center;\">Welcome to Ume\u00e5. It is the culture, the creativity and the openness that attracts people from all over the world. The average age in Ume\u00e5 is as low as 38 years old and the city has a growth of more than 1000 inhabitants per year. This makes the city of birches the fastest growing city in the country. The county\u2019s vision is to reach 200,000 citizens by 2050. With its accessibility, entertainment and solid supply of culture Ume\u00e5 is the optimal Conference city.<\/p>\n<p>[\/et_pb_text][\/et_pb_column][\/et_pb_row][\/et_pb_section][et_pb_section bb_built=&#8221;1&#8243; _builder_version=&#8221;3.0.92&#8243; custom_margin=&#8221;||0px|&#8221; custom_padding=&#8221;8px|0px|0px|0px&#8221; prev_background_color=&#8221;#000000&#8243; next_background_color=&#8221;#000000&#8243;][et_pb_row custom_padding=&#8221;10px|0px|15px|0px&#8221; _builder_version=&#8221;3.0.92&#8243;][et_pb_column type=&#8221;4_4&#8243;][et_pb_text disabled_on=&#8221;on|on|&#8221; _builder_version=&#8221;3.0.106&#8243; text_orientation=&#8221;center&#8221; max_width=&#8221;50%&#8221; max_width_tablet=&#8221;100%&#8221; max_width_last_edited=&#8221;on|tablet&#8221; module_alignment=&#8221;center&#8221; custom_margin=&#8221;||40px|&#8221; background_layout=&#8221;light&#8221;]<\/p>\n<h3 style=\"text-align: center;\"><strong>From Ume\u00e5 Airport to Ume\u00e5 center in 8 minutes.<\/strong><\/h3>\n<p style=\"text-align: center;\">It takes 8 minutes from Ume\u00e5 Airport before you find yourself in the center of northern Sweden\u2019s largest city. In the core of the city you will find Ume\u00e5 Folkets Hus within walking distance from the internationally acclaimed Guitars \u2013 The Museum and Norrlandsoperan.<\/p>\n<h3 style=\"text-align: center;\"><strong>From Bromma to Ume\u00e5\u2019s center in less than 2 hours.<\/strong><\/h3>\n<p style=\"text-align: center;\">Get on your plane from Bromma Airport in Stockholm and be in central Ume\u00e5 in under 2 hours. Simple and time efficient when you host your conferences with us.<\/p>\n<h3 style=\"text-align: center;\"><strong>Our affiliates will help you with your booking<\/strong><\/h3>\n<p style=\"text-align: center;\">Whether you will be travelling by car, bus, boat, train or plane, our affiliates can help you find the smoothest and most cost-effective solutions. Contact us and we can direct you to one of our lodging and travel partners.<\/p>\n<p>[\/et_pb_text][et_pb_button button_text=&#8221;Contact us for help with your bookings&#8221; button_alignment=&#8221;center&#8221; background_layout=&#8221;dark&#8221; disabled_on=&#8221;on|on|&#8221; _builder_version=&#8221;3.0.92&#8243; button_url=&#8221;\/?page_id=658#konferensservice&#8221; url_new_window=&#8221;off&#8221; custom_button=&#8221;off&#8221; button_icon_placement=&#8221;right&#8221;]<\/p>\n<p>a<\/p>\n<p>[\/et_pb_button][\/et_pb_column][\/et_pb_row][et_pb_row custom_padding=&#8221;10px|0px|15px|0px&#8221; _builder_version=&#8221;3.0.92&#8243;][et_pb_column type=&#8221;4_4&#8243;][et_pb_text disabled_on=&#8221;off|off|on&#8221; _builder_version=&#8221;3.0.106&#8243; text_orientation=&#8221;center&#8221; max_width=&#8221;50%&#8221; max_width_tablet=&#8221;100%&#8221; max_width_last_edited=&#8221;on|tablet&#8221; module_alignment=&#8221;center&#8221; custom_margin=&#8221;||40px|&#8221; background_layout=&#8221;light&#8221;]<\/p>\n<h3 style=\"text-align: center;\"><strong>From Ume\u00e5 Airport<br \/>\nto Ume\u00e5 center in 8 minutes.<\/strong><\/h3>\n<p style=\"text-align: center;\">It takes 8 minutes from Ume\u00e5 Airport before you find yourself in the center of northern Sweden\u2019s largest city. In the core of the city you will find Ume\u00e5 Folkets Hus within walking distance from the internationally acclaimed Guitars \u2013 The Museum and Norrlandsoperan.<\/p>\n<h3 style=\"text-align: center;\"><strong>From Bromma to Ume\u00e5\u2019s center<br \/>\nin less than 2 hours.<\/strong><\/h3>\n<p style=\"text-align: center;\">Get on your plane from Bromma Airport in Stockholm and be in central Ume\u00e5 in under 2 hours. Simple and time efficient when you host your conferences with us.<\/p>\n<h3 style=\"text-align: center;\"><strong>Our affiliates will<br \/>\nhelp you with your booking<\/strong><\/h3>\n<p style=\"text-align: center;\">Whether you will be travelling by car, bus, boat, train or plane, our affiliates can help you find the smoothest and most cost-effective solutions. Contact us and we can direct you to one of our lodging and travel partners.<\/p>\n<p>[\/et_pb_text][et_pb_button button_text=&#8221;Contact us for help with your bookings&#8221; button_alignment=&#8221;center&#8221; background_layout=&#8221;dark&#8221; disabled_on=&#8221;||on&#8221; _builder_version=&#8221;3.0.92&#8243; button_url=&#8221;\/?page_id=658#konferensservice&#8221; url_new_window=&#8221;off&#8221; custom_button=&#8221;off&#8221; button_icon_placement=&#8221;right&#8221;]<\/p>\n<p>a<\/p>\n<p>[\/et_pb_button][\/et_pb_column][\/et_pb_row][et_pb_row custom_padding=&#8221;36px|0px|15px|0px&#8221; custom_margin=&#8221;||-40px|&#8221; _builder_version=&#8221;3.0.92&#8243; background_size=&#8221;initial&#8221; background_position=&#8221;top_left&#8221; background_repeat=&#8221;repeat&#8221;][et_pb_column type=&#8221;4_4&#8243;][et_pb_text _builder_version=&#8221;3.0.106&#8243; custom_padding=&#8221;||-90px|&#8221; background_layout=&#8221;light&#8221;]<\/p>\n<h3 style=\"text-align: center;\"><strong>Ume\u00e5 &#8211; close to entertainment.<\/strong><\/h3>\n<p>[\/et_pb_text][\/et_pb_column][\/et_pb_row][\/et_pb_section][et_pb_section bb_built=&#8221;1&#8243; _builder_version=&#8221;3.0.47&#8243; custom_padding=&#8221;21px|0px|120px|0px&#8221; prev_background_color=&#8221;#000000&#8243;][et_pb_row custom_padding=&#8221;15px|0px|15px|0px&#8221; custom_margin=&#8221;||0px|&#8221; _builder_version=&#8221;3.0.92&#8243;][et_pb_column type=&#8221;1_4&#8243;][et_pb_image src=&#8221;https:\/\/umeafolketshus.se\/wp-content\/uploads\/guitarsthemuseum.png&#8221; url=&#8221;http:\/\/www.guitarsthemuseum.com\/static\/se\/77\/&#8221; url_new_window=&#8221;on&#8221; disabled_on=&#8221;on|off|&#8221; _builder_version=&#8221;3.0.92&#8243;]<\/p>\n<p>a<\/p>\n<p>[\/et_pb_image][\/et_pb_column][et_pb_column type=&#8221;1_4&#8243;][et_pb_image src=&#8221;https:\/\/umeafolketshus.se\/wp-content\/uploads\/navet.gif&#8221; url=&#8221;http:\/\/www.navet.umea.se&#8221; url_new_window=&#8221;on&#8221; disabled_on=&#8221;on||&#8221; _builder_version=&#8221;3.0.92&#8243;]<\/p>\n<p>a<\/p>\n<p>[\/et_pb_image][\/et_pb_column][et_pb_column type=&#8221;1_4&#8243;][et_pb_image src=&#8221;https:\/\/umeafolketshus.se\/wp-content\/uploads\/vavenlogo.png&#8221; url=&#8221;http:\/\/www.vaven.se\/sve.html&#8221; url_new_window=&#8221;on&#8221; disabled_on=&#8221;on||&#8221; _builder_version=&#8221;3.0.92&#8243;]<\/p>\n<p>a<\/p>\n<p>[\/et_pb_image][\/et_pb_column][et_pb_column type=&#8221;1_4&#8243;][et_pb_image src=&#8221;https:\/\/umeafolketshus.se\/wp-content\/uploads\/avionshoppinglogo.png&#8221; url=&#8221;https:\/\/www.avionshopping.se&#8221; url_new_window=&#8221;on&#8221; disabled_on=&#8221;on||&#8221; _builder_version=&#8221;3.0.92&#8243;]<\/p>\n<p>a<\/p>\n<p>[\/et_pb_image][\/et_pb_column][\/et_pb_row][et_pb_row custom_padding=&#8221;30px|0px|0px|0px&#8221; custom_margin=&#8221;-40px||0px|&#8221; _builder_version=&#8221;3.0.92&#8243;][et_pb_column type=&#8221;1_4&#8243;][et_pb_text _builder_version=&#8221;3.0.106&#8243; background_layout=&#8221;light&#8221;]<\/p>\n<h4 style=\"text-align: center;\"><strong>30 seconds away<\/strong><\/h4>\n<p style=\"text-align: center;\">In a mere 30 seconds from Ume\u00e5 Folkets Hus you will find yourself in lovely central Ume\u00e5 with its shopping centers, charming local stores and award winning restaurants. Around the corner from Ume\u00e5 Folkets Hus is the internationally acclaimed Guitars \u2013 The Museum and Norrlandsoperan.<\/p>\n<p>[\/et_pb_text][et_pb_button url_new_window=&#8221;on&#8221; button_text=&#8221;Read more about Guitars the Museum&#8221; button_alignment=&#8221;center&#8221; background_layout=&#8221;dark&#8221; _builder_version=&#8221;3.0.92&#8243; button_url=&#8221;http:\/\/www.guitarsthemuseum.com&#8221; custom_button=&#8221;off&#8221; button_icon_placement=&#8221;right&#8221;]<\/p>\n<p>a<\/p>\n<p>[\/et_pb_button][\/et_pb_column][et_pb_column type=&#8221;1_4&#8243;][et_pb_text _builder_version=&#8221;3.0.106&#8243; background_layout=&#8221;light&#8221;]<\/p>\n<h4 style=\"text-align: center;\"><strong>1 minute away<\/strong><\/h4>\n<p style=\"text-align: center;\">Ume\u00e5 Folkets Hus is close to both relaxation and excitement. In approximately 1 minute by foot you will have reached Navet. A bath and exercise facility with exciting water slides, stream canals, bubble pool, spa area where you can relax and a gym. Navet bath house opened in 2016.<\/p>\n<p>[\/et_pb_text][et_pb_button button_url=&#8221;http:\/\/www.navet.umea.se&#8221; url_new_window=&#8221;on&#8221; button_text=&#8221;Read more about Navet&#8221; button_alignment=&#8221;center&#8221; background_layout=&#8221;dark&#8221; _builder_version=&#8221;3.0.92&#8243; custom_button=&#8221;off&#8221; button_icon_placement=&#8221;right&#8221;]<\/p>\n<p>a<\/p>\n<p>[\/et_pb_button][\/et_pb_column][et_pb_column type=&#8221;1_4&#8243;][et_pb_text _builder_version=&#8221;3.0.92&#8243;]<\/p>\n<h4 style=\"text-align: center;\"><strong>2 minutes away<\/strong><\/h4>\n<p style=\"text-align: center;\">About 2 minutes away you will find V\u00e4ven- a venue with a restaurant, a caf\u00e9, hotel, the city library and cultural scenes. Come by for a visit and enjoy the culture and the food. V\u00e4ven is located by the river which makes it a perfect place to take a walk.<\/p>\n<p>[\/et_pb_text][et_pb_button button_url=&#8221;http:\/\/www.vaven.se\/sve.html&#8221; url_new_window=&#8221;on&#8221; button_text=&#8221;Read more about V\u00e4ven&#8221; button_alignment=&#8221;center&#8221; background_layout=&#8221;dark&#8221; _builder_version=&#8221;3.0.92&#8243; custom_button=&#8221;off&#8221; button_icon_placement=&#8221;right&#8221;]<\/p>\n<p>a<\/p>\n<p>[\/et_pb_button][\/et_pb_column][et_pb_column type=&#8221;1_4&#8243;][et_pb_text disabled_on=&#8221;off||&#8221; _builder_version=&#8221;3.0.92&#8243;]<\/p>\n<h4 style=\"text-align: center;\"><strong>7 minutes away by car.<\/strong><\/h4>\n<p style=\"text-align: center;\">For those that crave a little shopping, the country\u2019s closest IKEA to a city center and the adjacent Avion Shopping Center are just a 7-minute car or bus ride away. Avion is really close to Ume\u00e5 Airport and offers great variety with about 90 stores.<\/p>\n<p>[\/et_pb_text][et_pb_button button_url=&#8221;https:\/\/www.avionshopping.se&#8221; url_new_window=&#8221;on&#8221; button_text=&#8221;Read more about Avion Shopping&#8221; button_alignment=&#8221;center&#8221; background_layout=&#8221;dark&#8221; _builder_version=&#8221;3.0.92&#8243; custom_button=&#8221;off&#8221; button_icon_placement=&#8221;right&#8221;]<\/p>\n<p>a<\/p>\n<p>[\/et_pb_button][\/et_pb_column][\/et_pb_row][\/et_pb_section]<\/p>\n","protected":false},"excerpt":{"rendered":"<p>The City of Ume\u00e5 Welcome to Ume\u00e5 Ume\u00e5 &#8211; a creative city! Ume\u00e5, The City of Birches, is the biggest city in northern Sweden and is one of the fastest growing cities in the country. Strong growth! Ume\u00e5 is growing with 1 000 inhabitants per year, and in that way Ume\u00e5 is unique in Norrland&#8230;.<\/p>\n","protected":false},"author":2,"featured_media":0,"parent":3285,"menu_order":0,"comment_status":"closed","ping_status":"closed","template":"","meta":{"_et_pb_use_builder":"on","_et_pb_old_content":"","_et_gb_content_width":"","_monsterinsights_skip_tracking":false,"_monsterinsights_sitenote_active":false,"_monsterinsights_sitenote_note":"","_monsterinsights_sitenote_category":0,"footnotes":""},"class_list":["post-2934","page","type-page","status-publish","hentry"],"yoast_head":"<!-- This site is optimized with the Yoast SEO plugin v26.2 - https:\/\/yoast.com\/wordpress\/plugins\/seo\/ -->\n<title>The City of Ume\u00e5 - Ume\u00e5 Folkets Hus<\/title>\n<meta name=\"robots\" content=\"index, follow, max-snippet:-1, max-image-preview:large, max-video-preview:-1\" \/>\n<link rel=\"canonical\" href=\"https:\/\/umeafolketshus.se\/conference\/the-city-of-umea\/\" \/>\n<meta property=\"og:locale\" content=\"en_US\" \/>\n<meta property=\"og:type\" content=\"article\" \/>\n<meta property=\"og:title\" content=\"The City of Ume\u00e5 - Ume\u00e5 Folkets Hus\" \/>\n<meta property=\"og:description\" content=\"The City of Ume\u00e5 Welcome to Ume\u00e5 Ume\u00e5 - a creative city! Ume\u00e5, The City of Birches, is the biggest city in northern Sweden and is one of the fastest growing cities in the country. Strong growth! Ume\u00e5 is growing with 1 000 inhabitants per year, and in that way Ume\u00e5 is unique in Norrland....\" \/>\n<meta property=\"og:url\" content=\"https:\/\/umeafolketshus.se\/conference\/the-city-of-umea\/\" \/>\n<meta property=\"og:site_name\" content=\"Ume\u00e5 Folkets Hus\" \/>\n<meta property=\"article:modified_time\" content=\"2019-01-14T13:55:51+00:00\" \/>\n<meta name=\"twitter:card\" content=\"summary_large_image\" \/>\n<meta name=\"twitter:label1\" content=\"Est. reading time\" \/>\n\t<meta name=\"twitter:data1\" content=\"9 minutes\" \/>\n<script type=\"application\/ld+json\" class=\"yoast-schema-graph\">{\"@context\":\"https:\/\/schema.org\",\"@graph\":[{\"@type\":\"WebPage\",\"@id\":\"https:\/\/umeafolketshus.se\/conference\/the-city-of-umea\/\",\"url\":\"https:\/\/umeafolketshus.se\/conference\/the-city-of-umea\/\",\"name\":\"The City of Ume\u00e5 - Ume\u00e5 Folkets Hus\",\"isPartOf\":{\"@id\":\"https:\/\/umeafolketshus.se\/#website\"},\"datePublished\":\"2017-12-05T12:22:32+00:00\",\"dateModified\":\"2019-01-14T13:55:51+00:00\",\"breadcrumb\":{\"@id\":\"https:\/\/umeafolketshus.se\/conference\/the-city-of-umea\/#breadcrumb\"},\"inLanguage\":\"en-US\",\"potentialAction\":[{\"@type\":\"ReadAction\",\"target\":[\"https:\/\/umeafolketshus.se\/conference\/the-city-of-umea\/\"]}]},{\"@type\":\"BreadcrumbList\",\"@id\":\"https:\/\/umeafolketshus.se\/conference\/the-city-of-umea\/#breadcrumb\",\"itemListElement\":[{\"@type\":\"ListItem\",\"position\":1,\"name\":\"Hem\",\"item\":\"https:\/\/umeafolketshus.se\/\"},{\"@type\":\"ListItem\",\"position\":2,\"name\":\"Conference\",\"item\":\"https:\/\/umeafolketshus.se\/conference\/\"},{\"@type\":\"ListItem\",\"position\":3,\"name\":\"The City of Ume\u00e5\"}]},{\"@type\":\"WebSite\",\"@id\":\"https:\/\/umeafolketshus.se\/#website\",\"url\":\"https:\/\/umeafolketshus.se\/\",\"name\":\"Ume\u00e5 Folkets Hus\",\"description\":\"Stora eller sm\u00e5. Dina konferenser f\u00e5r plats hos oss.\",\"potentialAction\":[{\"@type\":\"SearchAction\",\"target\":{\"@type\":\"EntryPoint\",\"urlTemplate\":\"https:\/\/umeafolketshus.se\/?s={search_term_string}\"},\"query-input\":{\"@type\":\"PropertyValueSpecification\",\"valueRequired\":true,\"valueName\":\"search_term_string\"}}],\"inLanguage\":\"en-US\"}]}<\/script>\n<!-- \/ Yoast SEO plugin. -->","yoast_head_json":{"title":"The City of Ume\u00e5 - Ume\u00e5 Folkets Hus","robots":{"index":"index","follow":"follow","max-snippet":"max-snippet:-1","max-image-preview":"max-image-preview:large","max-video-preview":"max-video-preview:-1"},"canonical":"https:\/\/umeafolketshus.se\/conference\/the-city-of-umea\/","og_locale":"en_US","og_type":"article","og_title":"The City of Ume\u00e5 - Ume\u00e5 Folkets Hus","og_description":"The City of Ume\u00e5 Welcome to Ume\u00e5 Ume\u00e5 - a creative city! Ume\u00e5, The City of Birches, is the biggest city in northern Sweden and is one of the fastest growing cities in the country. Strong growth! Ume\u00e5 is growing with 1 000 inhabitants per year, and in that way Ume\u00e5 is unique in Norrland....","og_url":"https:\/\/umeafolketshus.se\/conference\/the-city-of-umea\/","og_site_name":"Ume\u00e5 Folkets Hus","article_modified_time":"2019-01-14T13:55:51+00:00","twitter_card":"summary_large_image","twitter_misc":{"Est. reading time":"9 minutes"},"schema":{"@context":"https:\/\/schema.org","@graph":[{"@type":"WebPage","@id":"https:\/\/umeafolketshus.se\/conference\/the-city-of-umea\/","url":"https:\/\/umeafolketshus.se\/conference\/the-city-of-umea\/","name":"The City of Ume\u00e5 - Ume\u00e5 Folkets Hus","isPartOf":{"@id":"https:\/\/umeafolketshus.se\/#website"},"datePublished":"2017-12-05T12:22:32+00:00","dateModified":"2019-01-14T13:55:51+00:00","breadcrumb":{"@id":"https:\/\/umeafolketshus.se\/conference\/the-city-of-umea\/#breadcrumb"},"inLanguage":"en-US","potentialAction":[{"@type":"ReadAction","target":["https:\/\/umeafolketshus.se\/conference\/the-city-of-umea\/"]}]},{"@type":"BreadcrumbList","@id":"https:\/\/umeafolketshus.se\/conference\/the-city-of-umea\/#breadcrumb","itemListElement":[{"@type":"ListItem","position":1,"name":"Hem","item":"https:\/\/umeafolketshus.se\/"},{"@type":"ListItem","position":2,"name":"Conference","item":"https:\/\/umeafolketshus.se\/conference\/"},{"@type":"ListItem","position":3,"name":"The City of Ume\u00e5"}]},{"@type":"WebSite","@id":"https:\/\/umeafolketshus.se\/#website","url":"https:\/\/umeafolketshus.se\/","name":"Ume\u00e5 Folkets Hus","description":"Stora eller sm\u00e5. Dina konferenser f\u00e5r plats hos oss.","potentialAction":[{"@type":"SearchAction","target":{"@type":"EntryPoint","urlTemplate":"https:\/\/umeafolketshus.se\/?s={search_term_string}"},"query-input":{"@type":"PropertyValueSpecification","valueRequired":true,"valueName":"search_term_string"}}],"inLanguage":"en-US"}]}},"_links":{"self":[{"href":"https:\/\/umeafolketshus.se\/en\/wp-json\/wp\/v2\/pages\/2934","targetHints":{"allow":["GET"]}}],"collection":[{"href":"https:\/\/umeafolketshus.se\/en\/wp-json\/wp\/v2\/pages"}],"about":[{"href":"https:\/\/umeafolketshus.se\/en\/wp-json\/wp\/v2\/types\/page"}],"author":[{"embeddable":true,"href":"https:\/\/umeafolketshus.se\/en\/wp-json\/wp\/v2\/users\/2"}],"replies":[{"embeddable":true,"href":"https:\/\/umeafolketshus.se\/en\/wp-json\/wp\/v2\/comments?post=2934"}],"version-history":[{"count":1,"href":"https:\/\/umeafolketshus.se\/en\/wp-json\/wp\/v2\/pages\/2934\/revisions"}],"predecessor-version":[{"id":2935,"href":"https:\/\/umeafolketshus.se\/en\/wp-json\/wp\/v2\/pages\/2934\/revisions\/2935"}],"up":[{"embeddable":true,"href":"https:\/\/umeafolketshus.se\/en\/wp-json\/wp\/v2\/pages\/3285"}],"wp:attachment":[{"href":"https:\/\/umeafolketshus.se\/en\/wp-json\/wp\/v2\/media?parent=2934"}],"curies":[{"name":"wp","href":"https:\/\/api.w.org\/{rel}","templated":true}]}}